{"id":10,"date":"2018-02-10T11:52:26","date_gmt":"2018-02-10T10:52:26","guid":{"rendered":"http:\/\/gadent.sk\/?page_id=10"},"modified":"2018-02-11T20:18:15","modified_gmt":"2018-02-11T19:18:15","slug":"kontakt","status":"publish","type":"page","link":"https:\/\/gadent.sk\/?page_id=10","title":{"rendered":"Kontakt"},"content":{"rendered":"<div  class='hr av-av_hr-0ff602b3e980a3377077ff3c1c834df6 hr-default  avia-builder-el-0  el_before_av_one_half  avia-builder-el-first '><span class='hr-inner '><span class=\"hr-inner-style\"><\/span><\/span><\/div>\n<div class='flex_column_table av-av_one_half-67adf0f1abfc2242a214758f2160949a sc-av_one_half av-equal-height-column-flextable'>\n<style type=\"text\/css\" data-created_by=\"avia_inline_auto\" id=\"style-css-av-av_one_half-67adf0f1abfc2242a214758f2160949a\">\n.flex_column.av-av_one_half-67adf0f1abfc2242a214758f2160949a{\nborder-radius:0px 0px 0px 0px;\npadding:0px 0px 0px 0px;\n}\n<\/style>\n<div  class='flex_column av-av_one_half-67adf0f1abfc2242a214758f2160949a av_one_half  avia-builder-el-1  el_after_av_hr  el_before_av_one_half  first flex_column_table_cell av-equal-height-column av-align-top av-zero-column-padding  '     ><section  class='av_textblock_section av-av_textblock-2de302bf1aa3cf4c9157dbe6f50ac7eb '   itemscope=\"itemscope\" itemtype=\"https:\/\/schema.org\/CreativeWork\" ><div class='avia_textblock'  itemprop=\"text\" ><h3 style=\"text-align: center;\">Kontakt<\/h3>\n<p style=\"text-align: center;\">GADENT, s.r.o., stomatologick\u00e9 centrum<\/p>\n<p style=\"text-align: center;\">Murga\u0161ova 90\/5, 058 01 Poprad<\/p>\n<p style=\"text-align: center;\">Tel.: 0948 260\u00a0312, 052\u00a07764 930<\/p>\n<p style=\"text-align: center;\">E-mail: <a href=\"mailto:gadentpp@gmail.com\">gadentpp@gmail.com<\/a><\/p>\n<p style=\"text-align: center;\">www.gadent.sk<\/p>\n<\/div><\/section><\/div>\n<div class='av-flex-placeholder'><\/div>\n<style type=\"text\/css\" data-created_by=\"avia_inline_auto\" id=\"style-css-av-av_one_half-c8fc129dc35fd1ae2a1e410224d39ea8\">\n.flex_column.av-av_one_half-c8fc129dc35fd1ae2a1e410224d39ea8{\nborder-radius:0px 0px 0px 0px;\npadding:0px 0px 0px 0px;\n}\n<\/style>\n<div  class='flex_column av-av_one_half-c8fc129dc35fd1ae2a1e410224d39ea8 av_one_half  avia-builder-el-3  el_after_av_one_half  el_before_av_hr  flex_column_table_cell av-equal-height-column av-align-top av-zero-column-padding  '     ><section  class='av_textblock_section av-av_textblock-2de302bf1aa3cf4c9157dbe6f50ac7eb '   itemscope=\"itemscope\" itemtype=\"https:\/\/schema.org\/CreativeWork\" ><div class='avia_textblock'  itemprop=\"text\" ><h4 style=\"text-align: center;\">Ordina\u010dn\u00e9 hodiny<\/h4>\n<p style=\"text-align: center;\">Pondelok: 7.00 &#8211; 15.30 hod.<\/p>\n<p style=\"text-align: center;\">Utorok: 7.00 &#8211; 15.30 hod.<\/p>\n<p style=\"text-align: center;\">Streda: 7.00 &#8211; 15.30 hod.<\/p>\n<p style=\"text-align: center;\">\u0160tvrtok: 7.00 &#8211; 15.30 hod.<\/p>\n<p style=\"text-align: center;\">Piatok: 7.00 &#8211; 12.00\u00a0 hod.<\/p>\n<\/div><\/section><\/div><\/div><!--close column table wrapper. Autoclose: 1 -->\n<div  class='hr av-av_hr-0ff602b3e980a3377077ff3c1c834df6 hr-default  avia-builder-el-5  el_after_av_one_half  el_before_av_sidebar '><span class='hr-inner '><span class=\"hr-inner-style\"><\/span><\/span><\/div>\n<div  class='avia-builder-widget-area clearfix  avia-builder-el-6  el_after_av_hr  avia-builder-el-last '><section id=\"avia_google_maps-3\" class=\"widget clearfix avia-widget-container avia_google_maps avia_no_block_preview\"><div class=\"avia-preview-headline\">Enfold Google Maps Widget<\/div><div class=\"avia-preview-info\">N\u00e1zov: Kde n\u00e1s n\u00e1jdete<\/div><div class=\"avia-preview-info\">Address:  <\/div><div class=\"avia-preview-in-front\" style=\"color: red;\">Google Maps is disabled in theme options &quot;Google Services&quot;.<\/div><span class=\"seperator extralight-border\"><\/span><\/section><\/div>\n","protected":false},"excerpt":{"rendered":"","protected":false},"author":1,"featured_media":0,"parent":0,"menu_order":0,"comment_status":"closed","ping_status":"closed","template":"","meta":{"footnotes":""},"class_list":["post-10","page","type-page","status-publish","hentry"],"_links":{"self":[{"href":"https:\/\/gadent.sk\/index.php?rest_route=\/wp\/v2\/pages\/10","targetHints":{"allow":["GET"]}}],"collection":[{"href":"https:\/\/gadent.sk\/index.php?rest_route=\/wp\/v2\/pages"}],"about":[{"href":"https:\/\/gadent.sk\/index.php?rest_route=\/wp\/v2\/types\/page"}],"author":[{"embeddable":true,"href":"https:\/\/gadent.sk\/index.php?rest_route=\/wp\/v2\/users\/1"}],"replies":[{"embeddable":true,"href":"https:\/\/gadent.sk\/index.php?rest_route=%2Fwp%2Fv2%2Fcomments&post=10"}],"version-history":[{"count":7,"href":"https:\/\/gadent.sk\/index.php?rest_route=\/wp\/v2\/pages\/10\/revisions"}],"predecessor-version":[{"id":192,"href":"https:\/\/gadent.sk\/index.php?rest_route=\/wp\/v2\/pages\/10\/revisions\/192"}],"wp:attachment":[{"href":"https:\/\/gadent.sk\/index.php?rest_route=%2Fwp%2Fv2%2Fmedia&parent=10"}],"curies":[{"name":"wp","href":"https:\/\/api.w.org\/{rel}","templated":true}]}}