{"id":27,"date":"2018-02-10T13:47:27","date_gmt":"2018-02-10T12:47:27","guid":{"rendered":"http:\/\/gadent.sk\/?page_id=27"},"modified":"2022-07-06T15:54:43","modified_gmt":"2022-07-06T13:54:43","slug":"domov","status":"publish","type":"page","link":"https:\/\/gadent.sk\/","title":{"rendered":"Domov"},"content":{"rendered":"\n<style type=\"text\/css\" data-created_by=\"avia_inline_auto\" id=\"style-css-av-av_one_full-15d750bd1b332b34c6e70b077ebbccdf\">\n.flex_column.av-av_one_full-15d750bd1b332b34c6e70b077ebbccdf{\nborder-radius:0px 0px 0px 0px;\npadding:0px 0px 0px 0px;\n}\n<\/style>\n<div  class='flex_column av-av_one_full-15d750bd1b332b34c6e70b077ebbccdf av_one_full  avia-builder-el-0  el_before_av_layerslider  avia-builder-el-no-sibling  first flex_column_div av-zero-column-padding  '     ><\/div>\n<\/div><\/div><\/div><!-- close content main div --><\/div><\/div><div id='layer_slider_1'  class='avia-layerslider main_color avia-shadow  avia-builder-el-1  el_after_av_one_full  el_before_av_one_full  slider-not-first container_wrap sidebar_right'  style='height: 581px;'  ><\/div><div id='after_layer_slider_1'  class='main_color av_default_container_wrap container_wrap sidebar_right'  ><div class='container av-section-cont-open' ><div class='template-page content  av-content-small alpha units'><div class='post-entry post-entry-type-page post-entry-27'><div class='entry-content-wrapper clearfix'>\n\n<style type=\"text\/css\" data-created_by=\"avia_inline_auto\" id=\"style-css-av-av_one_full-15d750bd1b332b34c6e70b077ebbccdf\">\n.flex_column.av-av_one_full-15d750bd1b332b34c6e70b077ebbccdf{\nborder-radius:0px 0px 0px 0px;\npadding:0px 0px 0px 0px;\n}\n<\/style>\n<div  class='flex_column av-av_one_full-15d750bd1b332b34c6e70b077ebbccdf av_one_full  avia-builder-el-2  el_after_av_layerslider  avia-builder-el-no-sibling  first flex_column_div av-zero-column-padding  '     ><section  class='av_textblock_section av-av_textblock-2de302bf1aa3cf4c9157dbe6f50ac7eb '   itemscope=\"itemscope\" itemtype=\"https:\/\/schema.org\/CreativeWork\" ><div class='avia_textblock'  itemprop=\"text\" ><h5 style=\"text-align: center;\">Stomatologick\u00e9 centrum GADENT, s.r.o. sa nach\u00e1dza v&nbsp;centre Popradu, v&nbsp;budove ABATON na 1. poschod\u00ed, v&nbsp;bl\u00edzkosti n\u00e1kupn\u00e9ho centra Forum a&nbsp;ved\u013ea budovy Domu kult\u00fary. Na\u0161a prax pon\u00faka komplexn\u00fa starostlivos\u0165 o&nbsp;zdrav\u00fd \u00fasmev. Bezbolestnos\u0165 o\u0161etrenia je samozrejmos\u0165ou. Pravideln\u00fdm vzdel\u00e1van\u00edm a investovan\u00edm do nov\u00fdch technol\u00f3gi\u00ed V\u00e1m pon\u00fakame estetick\u00e9 a&nbsp;trv\u00e1cne o\u0161etrenia.<\/h5>\n<h5 style=\"text-align: center;\">Od janu\u00e1ra 2018 prij\u00edmame nov\u00fdch pacientov.<\/h5>\n<h5 style=\"text-align: center;\">Stomatologick\u00e9 centrum m\u00e1 zmluvy so v\u0161etk\u00fdmi zdravotn\u00fdmi pois\u0165ov\u0148ami. Mo\u017enos\u0165 o\u0161etrenia aj na priamu platbu.<\/h5>\n<h5 style=\"text-align: center;\">Mo\u017enos\u0165 zak\u00fapenia dar\u010dekov\u00fdch pouk\u00e1\u017eok na dent\u00e1lnu hygienu v&nbsp;hodnote 35\u20ac.<\/h5>\n<h5 style=\"text-align: center;\">Mo\u017enos\u0165 zak\u00fapenia pom\u00f4cok na dent\u00e1lnu hygienu \u2013 CURAPROX kefky, medzizubn\u00e9 kefky, single kefky, sonick\u00e9 kefky PHILIPS a&nbsp;mnoho \u010fal\u0161\u00edch produktov.<\/h5>\n<\/div><\/section><\/div>\n","protected":false},"excerpt":{"rendered":"","protected":false},"author":1,"featured_media":0,"parent":0,"menu_order":0,"comment_status":"closed","ping_status":"closed","template":"","meta":{"footnotes":""},"class_list":["post-27","page","type-page","status-publish","hentry"],"_links":{"self":[{"href":"https:\/\/gadent.sk\/index.php?rest_route=\/wp\/v2\/pages\/27","targetHints":{"allow":["GET"]}}],"collection":[{"href":"https:\/\/gadent.sk\/index.php?rest_route=\/wp\/v2\/pages"}],"about":[{"href":"https:\/\/gadent.sk\/index.php?rest_route=\/wp\/v2\/types\/page"}],"author":[{"embeddable":true,"href":"https:\/\/gadent.sk\/index.php?rest_route=\/wp\/v2\/users\/1"}],"replies":[{"embeddable":true,"href":"https:\/\/gadent.sk\/index.php?rest_route=%2Fwp%2Fv2%2Fcomments&post=27"}],"version-history":[{"count":6,"href":"https:\/\/gadent.sk\/index.php?rest_route=\/wp\/v2\/pages\/27\/revisions"}],"predecessor-version":[{"id":202,"href":"https:\/\/gadent.sk\/index.php?rest_route=\/wp\/v2\/pages\/27\/revisions\/202"}],"wp:attachment":[{"href":"https:\/\/gadent.sk\/index.php?rest_route=%2Fwp%2Fv2%2Fmedia&parent=27"}],"curies":[{"name":"wp","href":"https:\/\/api.w.org\/{rel}","templated":true}]}}